{"id":98,"date":"2021-12-04T21:02:42","date_gmt":"2021-12-04T21:02:42","guid":{"rendered":"https:\/\/ataku.org\/?page_id=98"},"modified":"2022-05-05T18:03:53","modified_gmt":"2022-05-05T18:03:53","slug":"profile","status":"publish","type":"page","link":"https:\/\/ataku.org\/es\/profile\/","title":{"rendered":"\u00bfQui\u00e9nes Somos?"},"content":{"rendered":"\n<p> <strong>Raz\u00f3n Social<\/strong><br>Cooperativa de Colonizaci\u00f3n Argentina Ltda. \u201cATAKU\u201d<\/p>\n\n\n\n<p><strong>Fecha de Fundaci\u00f3n<\/strong><br>10 de Octubre 1953<\/p>\n\n\n\n<p><strong>Ubicaci\u00f3n<\/strong><br>Venezuela 2130 &#8211; Capital Federal<br>Ciudad Aut\u00f3noma de Buenos Aires, Rep\u00fablica Argentina <\/p>\n\n\n\n<div class=\"wp-block-group\"><div class=\"wp-block-group__inner-container is-layout-flow wp-block-group-is-layout-flow\">\n<figure class=\"wp-block-image\"><img loading=\"lazy\" decoding=\"async\" width=\"388\" height=\"183\" src=\"https:\/\/ataku.org\/wp-content\/uploads\/2021\/12\/nueva.jpg\" alt=\"\" class=\"wp-image-96\" srcset=\"https:\/\/ataku.org\/wp-content\/uploads\/2021\/12\/nueva.jpg 388w, https:\/\/ataku.org\/wp-content\/uploads\/2021\/12\/nueva-300x141.jpg 300w\" sizes=\"auto, (max-width: 388px) 100vw, 388px\" \/><\/figure>\n<\/div><\/div>\n\n\n\n<p><span style=\"font-size: 13px\" class=\"font-size\">Consejo Administrativo a\u00f1o 2009<\/span><\/p>\n\n\n\n<p><strong>Tel.\/Fax<\/strong><br>(54-11) 4941-1675<\/p>\n\n\n\n<p><strong>E-mail<\/strong><br><a href=\"mailto:info@ataku.org\">info@ataku.org<\/a><\/p>\n\n\n\n<p><strong>Presidente<\/strong><br>Kazuyoshi Bunno<\/p>\n\n\n\n<p><strong>Los miembros del consejo de administraci\u00f3n<\/strong> <strong>2022<\/strong><\/p>\n\n\n\n<div class=\"wp-block-group\"><div class=\"wp-block-group__inner-container is-layout-flow wp-block-group-is-layout-flow\">\n<figure class=\"wp-block-table alignleft\"><table><tbody><tr><td>Presidente<\/td><td>Kazuyoshi Bunno<\/td><\/tr><tr><td>Vicepresidente \u2160<\/td><td>Alberto Nanami<\/td><\/tr><tr><td>Vicepresidente \u2161<\/td><td>Masakatsu Miyai<\/td><\/tr><tr><td>Secretario<\/td><td>Kaoru Sakano<\/td><\/tr><tr><td>Prosecretario<\/td><td>Maria Kimura<\/td><\/tr><tr><td>Tesorero<\/td><td>Daniel Miyahira<\/td><\/tr><tr><td>Protesorero<\/td><td>Victor Mizuta<\/td><\/tr><tr><td>Vocales titulares<\/td><td>Yasuhiro Takahashi<br>Masamu Kagami<br>Leandro Imanishi<br>Shuji Furuhata<br>Adrian Matsunoshita<\/td><\/tr><tr><td>S\u00edndicos titulares<\/td><td>Yuka Yamawaki<br>Ricardo Sakae<\/td><\/tr><\/tbody><\/table><\/figure>\n<\/div><\/div>\n\n\n\n<p><\/p>\n","protected":false},"excerpt":{"rendered":"<p>Raz\u00f3n SocialCooperativa de Colonizaci\u00f3n Argentina Ltda. \u201cATAKU\u201d Fecha de Fundaci\u00f3n10 de Octubre 1953 Ubicaci\u00f3nVenezuela 2130 &#8211; Capital FederalCiudad Aut\u00f3noma de Buenos Aires, Rep\u00fablica Argentina Consejo Administrativo a\u00f1o 2009 Tel.\/Fax(54-11) 4941-1675 E-mailinfo@ataku.org PresidenteKazuyoshi Bunno Los miembros del consejo de administraci\u00f3n 2022 Presidente Kazuyoshi Bunno Vicepresidente \u2160 Alberto Nanami Vicepresidente \u2161 Masakatsu Miyai Secretario Kaoru Sakano Prosecretario [&hellip;]<\/p>\n","protected":false},"author":1,"featured_media":0,"parent":0,"menu_order":0,"comment_status":"closed","ping_status":"closed","template":"","meta":{"_locale":"es_AR","_original_post":"https:\/\/ataku.org\/?page_id=95","footnotes":""},"class_list":["post-98","page","type-page","status-publish","hentry","es-AR"],"_links":{"self":[{"href":"https:\/\/ataku.org\/wp-json\/wp\/v2\/pages\/98","targetHints":{"allow":["GET"]}}],"collection":[{"href":"https:\/\/ataku.org\/wp-json\/wp\/v2\/pages"}],"about":[{"href":"https:\/\/ataku.org\/wp-json\/wp\/v2\/types\/page"}],"author":[{"embeddable":true,"href":"https:\/\/ataku.org\/wp-json\/wp\/v2\/users\/1"}],"replies":[{"embeddable":true,"href":"https:\/\/ataku.org\/wp-json\/wp\/v2\/comments?post=98"}],"version-history":[{"count":12,"href":"https:\/\/ataku.org\/wp-json\/wp\/v2\/pages\/98\/revisions"}],"predecessor-version":[{"id":241,"href":"https:\/\/ataku.org\/wp-json\/wp\/v2\/pages\/98\/revisions\/241"}],"wp:attachment":[{"href":"https:\/\/ataku.org\/wp-json\/wp\/v2\/media?parent=98"}],"curies":[{"name":"wp","href":"https:\/\/api.w.org\/{rel}","templated":true}]}}