{"id":91,"date":"2021-12-04T20:24:30","date_gmt":"2021-12-04T20:24:30","guid":{"rendered":"https:\/\/ataku.org\/?page_id=91"},"modified":"2021-12-04T20:24:32","modified_gmt":"2021-12-04T20:24:32","slug":"proyectos","status":"publish","type":"page","link":"https:\/\/ataku.org\/es\/proyectos\/","title":{"rendered":"Proyectos"},"content":{"rendered":"\n<p><strong><strong>Fuerte compromiso con la protecci\u00f3n del medio ambiente y con el mejoramiento de la calidad de vida de la poblaci\u00f3n<\/strong><\/strong><\/p>\n\n\n\n<p>Concluida la etapa fundacional, los miembros de la cooperativa aprovecharon la experiencia adquirida en sus inicios, aunaron sus cualidades y capacidades, afianzaron y expandieron sus actividades, procurando satisfacer las necesidades y las expectativas esenciales de sus asociados, participando activamente en la fundaci\u00f3n de nuevas Colonias en el Gran Buenos Aires y en el interior del pa\u00eds.<\/p>\n\n\n\n<div class=\"wp-block-group\"><div class=\"wp-block-group__inner-container is-layout-flow wp-block-group-is-layout-flow\">\n<figure class=\"wp-block-gallery columns-2 is-cropped wp-block-gallery-1 is-layout-flex wp-block-gallery-is-layout-flex\"><ul class=\"blocks-gallery-grid\"><li class=\"blocks-gallery-item\"><figure><img loading=\"lazy\" decoding=\"async\" width=\"131\" height=\"175\" src=\"https:\/\/ataku.org\/wp-content\/uploads\/2021\/12\/que-hacemos-jap_0clip_image002-3.jpg\" alt=\"\" data-id=\"83\" data-link=\"https:\/\/ataku.org\/works\/que-hacemos-jap_0clip_image002-3\/\" class=\"wp-image-83\"\/><\/figure><\/li><li class=\"blocks-gallery-item\"><figure><img loading=\"lazy\" decoding=\"async\" width=\"231\" height=\"174\" src=\"https:\/\/ataku.org\/wp-content\/uploads\/2021\/12\/que-hacemos-jap_0clip_image004-3.jpg\" alt=\"\" data-id=\"84\" data-full-url=\"https:\/\/ataku.org\/wp-content\/uploads\/2021\/12\/que-hacemos-jap_0clip_image004-3.jpg\" data-link=\"https:\/\/ataku.org\/works\/que-hacemos-jap_0clip_image004-3\/\" class=\"wp-image-84\"\/><\/figure><\/li><\/ul><\/figure>\n<\/div><\/div>\n\n\n\n<p>Manteniendo la filosof\u00eda y los principios que fueron plasmados por sus fundadores, orientados al respeto de los valores \u00e9ticos y dignidad de las personas, cumpliendo cabalmente con la legislaci\u00f3n vigente, nuestra Instituci\u00f3n tiene previsto dirigir su futuro hacia actividades que permitan preservar el medio ambiente y mejorar la calidad de vida de la poblaci\u00f3n.<\/p>\n\n\n\n<p>En este sentido continuar\u00e1 y ampliar\u00e1 su emprendimiento forestal dentro del esp\u00edritu del sector tendiente a un mayor compromiso social y un manejo sustentable de las plantaciones.<\/p>\n\n\n\n<p>Es su intenci\u00f3n recurrir al conocimiento de especialistas en el tema y al sost\u00e9n log\u00edstico y financiero de instituciones oficiales y privadas que permitan optimizar la tarea.<\/p>\n\n\n\n<p>Otro desaf\u00edo previsto por&nbsp;<strong>ATAKU<\/strong>, es la de focalizar su accionar sobre la juventud, con la implementaci\u00f3n de proyectos relacionados a la tem\u00e1tica seleccionada (Medio ambiente y calidad de vida), que involucren y permitan educar y concientizar a ese segmento tan importante en la construcci\u00f3n de nuestro futuro.<\/p>\n\n\n\n<figure class=\"wp-block-gallery columns-2 is-cropped wp-block-gallery-2 is-layout-flex wp-block-gallery-is-layout-flex\"><ul class=\"blocks-gallery-grid\"><li class=\"blocks-gallery-item\"><figure><img loading=\"lazy\" decoding=\"async\" width=\"199\" height=\"150\" src=\"https:\/\/ataku.org\/wp-content\/uploads\/2021\/12\/que-hacemos-jap_0clip_image006.jpg\" alt=\"\" data-id=\"85\" data-link=\"https:\/\/ataku.org\/works\/que-hacemos-jap_0clip_image006\/\" class=\"wp-image-85\"\/><\/figure><\/li><li class=\"blocks-gallery-item\"><figure><img loading=\"lazy\" decoding=\"async\" width=\"199\" height=\"150\" src=\"https:\/\/ataku.org\/wp-content\/uploads\/2021\/12\/que-hacemos-jap_0clip_image008.jpg\" alt=\"\" data-id=\"86\" data-full-url=\"https:\/\/ataku.org\/wp-content\/uploads\/2021\/12\/que-hacemos-jap_0clip_image008.jpg\" data-link=\"https:\/\/ataku.org\/works\/que-hacemos-jap_0clip_image008\/\" class=\"wp-image-86\"\/><\/figure><\/li><\/ul><\/figure>\n\n\n\n<p><strong>Proyecto \u201cEcoturismo\u201d<\/strong><\/p>\n\n\n\n<p>Conciente de la gravedad de la situaci\u00f3n ambiental en el mundo, con importantes consecuencias para la humanidad y con un futuro incierto para las generaciones que nos sucedan, ATAKU imbuido del esp\u00edritu que anima a muchas organizaciones e instituciones en el mundo preocupadas por el cuidado de la naturaleza, ha decidido comprometerse en la b\u00fasqueda de soluciones efectivas, mediante la puesta en acci\u00f3n de proyectos que contribuyan a alcanzar tales objetivos.<\/p>\n\n\n\n<p>Con el asesoramiento, el apoyo t\u00e9cnico, log\u00edstico y financiero de prestigiosas instituciones, como OISCA y JICA, la Cooperativa de Colonizaci\u00f3n Argentina est\u00e1 concretando la fase preliminar (Planeamiento) de un proyecto para desarrollar el Ecoturismo en nuestros campos forestales de la Provincia de Misiones, para promover el contacto directo con la naturaleza y concientizar, educar e interesar a la poblaci\u00f3n sobre la importancia del cuidado y el respeto por el medio ambiente.<\/p>\n\n\n\n<p>El mismo consiste en adaptar el campo de la Colonia Garuhap\u00e9 (Luj\u00e1n), con la construcci\u00f3n de sendas interiores que permitan recorridos por los sectores de bosques nativos, \u00e1reas forestadas, cursos de agua, etc. acompa\u00f1ados por gu\u00edas que vayan dando las explicaciones necesarias sobre las distintas especies de \u00e1rboles y arbustos, el avistaje de aves, etc. Adem\u00e1s se construir\u00e1n instalaciones para laboratorio de investigaci\u00f3n forestal y agropecuario, alojamiento, administraci\u00f3n, ba\u00f1os y sectores de recreaci\u00f3n para ni\u00f1os y estacionamiento.<\/p>\n\n\n\n<figure class=\"wp-block-image size-full\"><img loading=\"lazy\" decoding=\"async\" width=\"480\" height=\"308\" src=\"https:\/\/ataku.org\/wp-content\/uploads\/2021\/12\/ENTRADA-edit.jpg\" alt=\"\" class=\"wp-image-89\" srcset=\"https:\/\/ataku.org\/wp-content\/uploads\/2021\/12\/ENTRADA-edit.jpg 480w, https:\/\/ataku.org\/wp-content\/uploads\/2021\/12\/ENTRADA-edit-300x193.jpg 300w\" sizes=\"auto, (max-width: 480px) 100vw, 480px\" \/><\/figure>\n\n\n\n<figure class=\"wp-block-table\"><table><tbody><tr><td>En el mediano y largo plazo es intenci\u00f3n de la Comisi\u00f3n Administradora de la Cooperativa, ampliar el emprendimiento en Misiones y extender su campo de acci\u00f3n a otras actividades relacionadas con el Medio Ambiente y Calidad de Vida, como cultivos org\u00e1nicos, tratamiento de residuos, limpieza y mantenimiento de r\u00edos, arroyos y espejos de agua, etc, en otras \u00e1reas geogr\u00e1ficas del pa\u00eds, con el objeto de comprometer a las futuras generaciones en la continuidad del proyecto, tendiendo a generar espacios de contenci\u00f3n para que los j\u00f3venes puedan desarrollarse social, laboral y econ\u00f3micamente.<\/td><\/tr><tr><\/tr><\/tbody><\/table><\/figure>\n","protected":false},"excerpt":{"rendered":"<p>Fuerte compromiso con la protecci\u00f3n del medio ambiente y con el mejoramiento de la calidad de vida de la poblaci\u00f3n Concluida la etapa fundacional, los miembros de la cooperativa aprovecharon la experiencia adquirida en sus inicios, aunaron sus cualidades y capacidades, afianzaron y expandieron sus actividades, procurando satisfacer las necesidades y las expectativas esenciales de [&hellip;]<\/p>\n","protected":false},"author":1,"featured_media":0,"parent":0,"menu_order":0,"comment_status":"closed","ping_status":"closed","template":"","meta":{"_locale":"es_AR","_original_post":"https:\/\/ataku.org\/?page_id=15","footnotes":""},"class_list":["post-91","page","type-page","status-publish","hentry","es-AR"],"_links":{"self":[{"href":"https:\/\/ataku.org\/wp-json\/wp\/v2\/pages\/91","targetHints":{"allow":["GET"]}}],"collection":[{"href":"https:\/\/ataku.org\/wp-json\/wp\/v2\/pages"}],"about":[{"href":"https:\/\/ataku.org\/wp-json\/wp\/v2\/types\/page"}],"author":[{"embeddable":true,"href":"https:\/\/ataku.org\/wp-json\/wp\/v2\/users\/1"}],"replies":[{"embeddable":true,"href":"https:\/\/ataku.org\/wp-json\/wp\/v2\/comments?post=91"}],"version-history":[{"count":1,"href":"https:\/\/ataku.org\/wp-json\/wp\/v2\/pages\/91\/revisions"}],"predecessor-version":[{"id":92,"href":"https:\/\/ataku.org\/wp-json\/wp\/v2\/pages\/91\/revisions\/92"}],"wp:attachment":[{"href":"https:\/\/ataku.org\/wp-json\/wp\/v2\/media?parent=91"}],"curies":[{"name":"wp","href":"https:\/\/api.w.org\/{rel}","templated":true}]}}