{"id":242,"date":"2022-05-05T18:29:13","date_gmt":"2022-05-05T18:29:13","guid":{"rendered":"https:\/\/ataku.org\/?page_id=242"},"modified":"2022-05-05T18:29:14","modified_gmt":"2022-05-05T18:29:14","slug":"kodomonomori","status":"publish","type":"page","link":"https:\/\/ataku.org\/es\/kodomonomori\/","title":{"rendered":"Proyecto Kodomonomori (El bosque de los ni\u00f1os)"},"content":{"rendered":"<p><iframe loading=\"lazy\" title=\"YouTube video player\" src=\"https:\/\/www.youtube.com\/embed\/xGGgSWWOcbM\" width=\"800\" height=\"450\" frameborder=\"0\" allowfullscreen=\"allowfullscreen\"><\/iframe><br \/>\n\u203bViaje realizado el Marzo 2022<\/p>\n<p>Proyecto Kodomonomori (Garuhap\u00e9, Misiones)<\/p>\n<p>En concordancia con la creciente sensibilidad social sobre el cuidado de la naturaleza, el cambio clim\u00e1tico, la conservaci\u00f3n de los espacios naturales, el paisaje, etc., ATAKU, aprovechando las condiciones naturales que ofrece la geograf\u00eda misionera, tiene previsto ampliar y mejorar su emprendimiento forestal, poniendo \u00e9nfasis y atenci\u00f3n al cuidado del medio ambiente y al manejo sustentable de la actividad.<\/p>\n","protected":false},"excerpt":{"rendered":"<p>\u203bViaje realizado el Marzo 2022 Proyecto Kodomonomori (Garuhap\u00e9, Misiones) En concordancia con la creciente sensibilidad social sobre el cuidado de la naturaleza, el cambio clim\u00e1tico, la conservaci\u00f3n de los espacios naturales, el paisaje, etc., ATAKU, aprovechando las condiciones naturales que ofrece la geograf\u00eda misionera, tiene previsto ampliar y mejorar su emprendimiento forestal, poniendo \u00e9nfasis y [&hellip;]<\/p>\n","protected":false},"author":1,"featured_media":0,"parent":0,"menu_order":0,"comment_status":"closed","ping_status":"closed","template":"","meta":{"_locale":"es_AR","_original_post":"https:\/\/ataku.org\/?page_id=30","footnotes":""},"class_list":["post-242","page","type-page","status-publish","hentry","es-AR"],"_links":{"self":[{"href":"https:\/\/ataku.org\/wp-json\/wp\/v2\/pages\/242","targetHints":{"allow":["GET"]}}],"collection":[{"href":"https:\/\/ataku.org\/wp-json\/wp\/v2\/pages"}],"about":[{"href":"https:\/\/ataku.org\/wp-json\/wp\/v2\/types\/page"}],"author":[{"embeddable":true,"href":"https:\/\/ataku.org\/wp-json\/wp\/v2\/users\/1"}],"replies":[{"embeddable":true,"href":"https:\/\/ataku.org\/wp-json\/wp\/v2\/comments?post=242"}],"version-history":[{"count":1,"href":"https:\/\/ataku.org\/wp-json\/wp\/v2\/pages\/242\/revisions"}],"predecessor-version":[{"id":243,"href":"https:\/\/ataku.org\/wp-json\/wp\/v2\/pages\/242\/revisions\/243"}],"wp:attachment":[{"href":"https:\/\/ataku.org\/wp-json\/wp\/v2\/media?parent=242"}],"curies":[{"name":"wp","href":"https:\/\/api.w.org\/{rel}","templated":true}]}}